{"id":25,"date":"2016-06-23T16:35:31","date_gmt":"2016-06-23T16:35:31","guid":{"rendered":"http:\/\/pnd.as\/cafepacas\/?page_id=25"},"modified":"2016-06-23T16:35:31","modified_gmt":"2016-06-23T16:35:31","slug":"conocenos","status":"publish","type":"page","link":"https:\/\/cafepacas.com\/website\/","title":{"rendered":"Con\u00f3cenos"},"content":{"rendered":"<h2 class=\"p1\" style=\"text-align: center;\">\u00a0<strong><em><span class=\"s1\">Somos una empresa familiar salvadore\u00f1a dedicada al cultivo, procesamiento y exportaci\u00f3n de Caf\u00e9s Especiales<\/span><\/em><\/strong><\/h2>\n<p>&nbsp;<\/p>\n<h2 class=\"p1\"><em><span class=\"s1\"><b>Nuestra Misi\u00f3n: <\/b><\/span><\/em><\/h2>\n<p class=\"p1\"><span class=\"s1\">\u201cAmar al caf\u00e9 como a un miembro de la familia\u201d.<span class=\"Apple-converted-space\">\u00a0 <\/span>Lo vemos nacer, lo cuidamos, lo vemos crecer, le damos lo que necesita para que sea el mejor, lo amamos, creemos en \u00e9l, y cuando est\u00e1 listo lo dejamos ir a recorrer el mundo y sin importar que tan lejos se encuentre, a\u00fan sentimos que sigue siendo nuestro.<\/span><\/p>\n<h2 class=\"p1\"><em><span class=\"s1\"><b>Nuestra Visi\u00f3n:<\/b> <\/span><\/em><\/h2>\n<p class=\"p1\"><span class=\"s1\">\u201cCrear el caf\u00e9 m\u00e1s amado del mundo\u201d. Lo m\u00e1s valioso que le puedes desear a un ser querido es que encuentre el amor.<span class=\"Apple-converted-space\">\u00a0 <\/span>Queremos que el caf\u00e9 que con tanto amor hemos cultivado, sea parte de la vida de las mejores personas que ha visto el mundo.<span class=\"Apple-converted-space\">\u00a0 <\/span>Nuestro caf\u00e9 no ha nacido para estar solo\u201d.<\/span><\/p>\n","protected":false},"excerpt":{"rendered":"<p>\u00a0Somos una empresa familiar salvadore\u00f1a dedicada al cultivo, procesamiento y exportaci\u00f3n de Caf\u00e9s Especiales &nbsp; Nuestra Misi\u00f3n: \u201cAmar al caf\u00e9 <a class=\"xs-block xs-p1\" href=\"https:\/\/cafepacas.com\/website\/\">+ Leer m\u00e1s<\/a><\/p>\n","protected":false},"author":1,"featured_media":0,"parent":0,"menu_order":0,"comment_status":"closed","ping_status":"closed","template":"pages-templates\/page-contenido.php","meta":[],"_links":{"self":[{"href":"https:\/\/cafepacas.com\/website\/index.php?rest_route=\/wp\/v2\/pages\/25"}],"collection":[{"href":"https:\/\/cafepacas.com\/website\/index.php?rest_route=\/wp\/v2\/pages"}],"about":[{"href":"https:\/\/cafepacas.com\/website\/index.php?rest_route=\/wp\/v2\/types\/page"}],"author":[{"embeddable":true,"href":"https:\/\/cafepacas.com\/website\/index.php?rest_route=\/wp\/v2\/users\/1"}],"replies":[{"embeddable":true,"href":"https:\/\/cafepacas.com\/website\/index.php?rest_route=%2Fwp%2Fv2%2Fcomments&post=25"}],"version-history":[{"count":0,"href":"https:\/\/cafepacas.com\/website\/index.php?rest_route=\/wp\/v2\/pages\/25\/revisions"}],"wp:attachment":[{"href":"https:\/\/cafepacas.com\/website\/index.php?rest_route=%2Fwp%2Fv2%2Fmedia&parent=25"}],"curies":[{"name":"wp","href":"https:\/\/api.w.org\/{rel}","templated":true}]}}