{"id":8,"date":"2016-06-23T15:14:02","date_gmt":"2016-06-23T15:14:02","guid":{"rendered":"http:\/\/pnd.as\/cafepacas\/?page_id=8"},"modified":"2016-06-23T15:14:02","modified_gmt":"2016-06-23T15:14:02","slug":"fincas","status":"publish","type":"page","link":"https:\/\/cafepacas.com\/website\/?page_id=8","title":{"rendered":"Fincas"},"content":{"rendered":"<p class=\"p1\"><span class=\"s1\">Cultivamos caf\u00e9 en diferentes fincas ubicadas en el occidente de El Salvador, formando parte de la cordillera Apaneca-Ilamatepec.<span class=\"Apple-converted-space\">\u00a0 <\/span>Esta regi\u00f3n es muy reconocida por sus suelos volc\u00e1nicos y f\u00e9rtiles.\u00a0<\/span><\/p>\n<p class=\"p1\"><span class=\"s1\">En ellas cultivamos las variedades: Bourbon, Pacas, Pacamara, Bernardina, Mocca, y otras de caf\u00e9 especial. Nuestros cafetales son cultivados bajo sombra de Ingas y \u00e1rboles de monta\u00f1a.<span class=\"Apple-converted-space\">\u00a0 <\/span>En ellos incorporamos tecnolog\u00eda e innovaci\u00f3n a los m\u00e9todos tradicionales de trabajo.<span class=\"Apple-converted-space\">\u00a0 <\/span>Preservamos el medioambiente al dise\u00f1ar y cultivar nuestros cafetales.<span class=\"Apple-converted-space\">\u00a0 <\/span>Proveemos capacitaci\u00f3n constante a nuestro personal de campo.\u00a0<\/span><\/p>\n<p class=\"p1\"><span class=\"s1\">La cosecha se lleva a cabo a partir del mes de octubre y se alarga hasta el mes de marzo.<span class=\"Apple-converted-space\">\u00a0 <\/span>Los frutos del caf\u00e9 son cosechados manualmente cuando \u00e9stos han alcanzado la madurez \u00f3ptima.<\/span><\/p>\n<p class=\"p1 mb6\"><span class=\"s1\">Nuestros cafetales son bellos y ordenados, albergue de una diversidad de plantas y animales que contribuyen al bienestar del medioambiente, como bosque contribuye en la captura de agua y CO2.<\/span><\/p>\n","protected":false},"excerpt":{"rendered":"<p>Cultivamos caf\u00e9 en diferentes fincas ubicadas en el occidente de El Salvador, formando parte de la cordillera Apaneca-Ilamatepec.\u00a0 Esta regi\u00f3n <a class=\"xs-block xs-p1\" href=\"https:\/\/cafepacas.com\/website\/?page_id=8\">+ Leer m\u00e1s<\/a><\/p>\n","protected":false},"author":1,"featured_media":0,"parent":0,"menu_order":0,"comment_status":"closed","ping_status":"closed","template":"pages-templates\/page-contenido.php","meta":[],"_links":{"self":[{"href":"https:\/\/cafepacas.com\/website\/index.php?rest_route=\/wp\/v2\/pages\/8"}],"collection":[{"href":"https:\/\/cafepacas.com\/website\/index.php?rest_route=\/wp\/v2\/pages"}],"about":[{"href":"https:\/\/cafepacas.com\/website\/index.php?rest_route=\/wp\/v2\/types\/page"}],"author":[{"embeddable":true,"href":"https:\/\/cafepacas.com\/website\/index.php?rest_route=\/wp\/v2\/users\/1"}],"replies":[{"embeddable":true,"href":"https:\/\/cafepacas.com\/website\/index.php?rest_route=%2Fwp%2Fv2%2Fcomments&post=8"}],"version-history":[{"count":1,"href":"https:\/\/cafepacas.com\/website\/index.php?rest_route=\/wp\/v2\/pages\/8\/revisions"}],"predecessor-version":[{"id":349,"href":"https:\/\/cafepacas.com\/website\/index.php?rest_route=\/wp\/v2\/pages\/8\/revisions\/349"}],"wp:attachment":[{"href":"https:\/\/cafepacas.com\/website\/index.php?rest_route=%2Fwp%2Fv2%2Fmedia&parent=8"}],"curies":[{"name":"wp","href":"https:\/\/api.w.org\/{rel}","templated":true}]}}